{"id":541,"date":"2022-01-08T08:32:50","date_gmt":"2022-01-08T08:32:50","guid":{"rendered":"http:\/\/firenomads.com\/index.php\/home-francais\/"},"modified":"2022-01-27T11:40:46","modified_gmt":"2022-01-27T11:40:46","slug":"home-francais","status":"publish","type":"page","link":"https:\/\/firenomads.com\/index.php\/fr\/home-francais\/","title":{"rendered":"Accueil"},"content":{"rendered":"\n<p>Depuis 2012, Fire NoMads a explor\u00e9 toutes les facettes de la danse de feu et sa manipulation. sp\u00e9cialis\u00e9s dans la danse de feu en couple, ils imaginent sans cesse de nouvelles fa\u00e7ons de jouer avec cet element aussi dangereux que fascinant !<br>Ils d\u00e9butent comme artistes de rue dans la vieille ville de Dali dans le sud Ouest de la Chine puis partout en Chine et en Asie.\u00a0<br>Durant les 10 ann\u00e9es qu&rsquo;ils ont pass\u00e9 en Chine ils ont offert de nombreuses repr\u00e9sentations dans les festivals de musique, arts de rue et theatre de m\u00eame que des \u00e9v\u00e8nements priv\u00e9s et derni\u00e8rement \u00e0 \u00ab\u00a0<em>La Chine a un incroyable Talent 2021<\/em>\u00a0\u00bb comme demi-finalistes. <br><br>Ils sont \u00e9galement organisateurs d&rsquo;\u00e9v\u00e8nements tel que le Dali Flow Fest, la premi\u00e8re convention de jongle et flow arts en Chine en 2018 et 2019 et le Dali contact festival 2021 (festival de danse contact d&rsquo;improvisation).<br>En 2022 de mai a septembre, les Fire NoMads seront en r\u00e9sidence au Street Art Parc du Chateau de M\u00f4h \u00e0 Candes Saint-Martin. Plus d&rsquo;infos sur le site : <a href=\"http:\/\/www.street-art-parc.com\">www.street-art-parc.com<\/a><br>D\u00e9couvrez leurs creations dans les sections qui suivent :<\/p>\n\n\n\n<p><\/p>\n\n\n\n<figure class=\"wp-block-embed\"><div class=\"wp-block-embed__wrapper\">\n<span class=\"embed-youtube\" style=\"text-align:center; display: block;\"><iframe loading=\"lazy\" class=\"youtube-player\" width=\"680\" height=\"383\" src=\"https:\/\/www.youtube.com\/embed\/Qm6LgMM64OM?rel=1&#038;version=3&#038;showsearch=0&#038;showinfo=1&#038;iv_load_policy=1&#038;fs=1&#038;hl=fr-FR&#038;autohide=2&#038;wmode=transparent\" allowfullscreen=\"true\" style=\"border:0;\" sandbox=\"allow-scripts allow-same-origin allow-popups allow-presentation\"><\/iframe><\/span>\n<\/div><\/figure>\n\n\n\n<h1>\u200bPERFORMANCES<\/h1>\n\n\n\n<p><\/p>\n\n\n\n<figure class=\"wp-block-table\"><table><tbody><tr><td><center><strong>In fusion &#8211; Spectacle de feu<\/strong><\/center><\/td><td><center><strong>Landed &#8211; Echasses<\/strong><\/center><\/td><td><center><strong>Leche vitrines &#8211; Echasses<\/strong><\/center><\/td><\/tr><tr><td><a href=\"http:\/\/firenomads.com\/index.php\/2016\/01\/01\/fire-performances\/\" data-type=\"post\" data-id=\"24\"><img src=\"http:\/\/firenomads.com\/wp-content\/uploads\/2022\/01\/2023071349-1024x683.jpg\" alt=\"\" style=\"width: 300px;\"><\/a>&nbsp;<\/td><td><a href=\"http:\/\/firenomads.com\/index.php\/fr\/2022\/01\/09\/landed-echasses\/\" data-type=\"post\" data-id=\"593\"><img data-attachment-id=\"429\" data-permalink=\"https:\/\/firenomads.com\/index.php\/home\/mmexport1574565798123\/\" data-orig-file=\"https:\/\/firenomads.com\/wp-content\/uploads\/2019\/11\/mmexport1574565798123.jpg\" data-orig-size=\"6240,4160\" data-comments-opened=\"0\" data-image-meta=\"{&quot;aperture&quot;:&quot;1&quot;,&quot;credit&quot;:&quot;Fan Di&quot;,&quot;camera&quot;:&quot;X-T3&quot;,&quot;caption&quot;:&quot;&quot;,&quot;created_timestamp&quot;:&quot;1574438828&quot;,&quot;copyright&quot;:&quot;Fan Di&quot;,&quot;focal_length&quot;:&quot;18&quot;,&quot;iso&quot;:&quot;80&quot;,&quot;shutter_speed&quot;:&quot;0.001&quot;,&quot;title&quot;:&quot;&quot;,&quot;orientation&quot;:&quot;0&quot;}\" data-image-title=\"mmexport1574565798123\" data-image-description=\"\" data-image-caption=\"\" data-medium-file=\"https:\/\/firenomads.com\/wp-content\/uploads\/2019\/11\/mmexport1574565798123-300x200.jpg\" data-large-file=\"https:\/\/firenomads.com\/wp-content\/uploads\/2019\/11\/mmexport1574565798123-1024x683.jpg\" loading=\"lazy\" width=\"300\" height=\"200\" class=\"alignnone wp-image-429 size-medium\" src=\"http:\/\/firenomads.com\/wp-content\/uploads\/2019\/11\/mmexport1574565798123-300x200.jpg\" alt=\"\" srcset=\"https:\/\/firenomads.com\/wp-content\/uploads\/2019\/11\/mmexport1574565798123-300x200.jpg 300w, https:\/\/firenomads.com\/wp-content\/uploads\/2019\/11\/mmexport1574565798123-768x512.jpg 768w, https:\/\/firenomads.com\/wp-content\/uploads\/2019\/11\/mmexport1574565798123-1024x683.jpg 1024w\" sizes=\"(max-width: 300px) 100vw, 300px\" \/><\/a><\/td><td><a href=\"http:\/\/firenomads.com\/index.php\/fr\/2022\/01\/09\/leche-vitrine-echasses\/\" data-type=\"post\" data-id=\"579\"><img data-attachment-id=\"437\" data-permalink=\"https:\/\/firenomads.com\/index.php\/home\/attachment\/166707999\/\" data-orig-file=\"https:\/\/firenomads.com\/wp-content\/uploads\/2019\/11\/166707999.jpg\" data-orig-size=\"6240,4160\" data-comments-opened=\"0\" data-image-meta=\"{&quot;aperture&quot;:&quot;1&quot;,&quot;credit&quot;:&quot;Jacky Poon&quot;,&quot;camera&quot;:&quot;X-T3&quot;,&quot;caption&quot;:&quot;&quot;,&quot;created_timestamp&quot;:&quot;1574611591&quot;,&quot;copyright&quot;:&quot;Jacky Poon&quot;,&quot;focal_length&quot;:&quot;18&quot;,&quot;iso&quot;:&quot;80&quot;,&quot;shutter_speed&quot;:&quot;0.004&quot;,&quot;title&quot;:&quot;&quot;,&quot;orientation&quot;:&quot;0&quot;}\" data-image-title=\"166707999\" data-image-description=\"\" data-image-caption=\"\" data-medium-file=\"https:\/\/firenomads.com\/wp-content\/uploads\/2019\/11\/166707999-300x200.jpg\" data-large-file=\"https:\/\/firenomads.com\/wp-content\/uploads\/2019\/11\/166707999-1024x683.jpg\" loading=\"lazy\" width=\"300\" height=\"200\" class=\"alignnone wp-image-437 size-medium\" src=\"http:\/\/firenomads.com\/wp-content\/uploads\/2019\/11\/166707999-300x200.jpg\" alt=\"\" srcset=\"https:\/\/firenomads.com\/wp-content\/uploads\/2019\/11\/166707999-300x200.jpg 300w, https:\/\/firenomads.com\/wp-content\/uploads\/2019\/11\/166707999-768x512.jpg 768w, https:\/\/firenomads.com\/wp-content\/uploads\/2019\/11\/166707999-1024x683.jpg 1024w\" sizes=\"(max-width: 300px) 100vw, 300px\" \/><\/a><\/td><\/tr><\/tbody><\/table><\/figure>\n\n\n\n<h2><strong>ORGANISATION D&rsquo; EVENEMENTS<\/strong><\/h2>\n\n\n\n<p><\/p>\n\n\n\n<figure class=\"wp-block-table\"><table><tbody><tr><td class=\"has-text-align-center\" data-align=\"center\"><strong>DALI FLOW FEST<\/strong><figure><a href=\"http:\/\/firenomads.com\/index.php\/fr\/2022\/01\/08\/dali-flow-fest-2\/\" data-type=\"post\" data-id=\"569\"><img data-attachment-id=\"461\" data-permalink=\"https:\/\/firenomads.com\/index.php\/home\/attachment\/599823711\/\" data-orig-file=\"https:\/\/firenomads.com\/wp-content\/uploads\/2019\/11\/599823711-e1576586158317.jpg\" data-orig-size=\"1276,1137\" data-comments-opened=\"0\" data-image-meta=\"{&quot;aperture&quot;:&quot;0&quot;,&quot;credit&quot;:&quot;&quot;,&quot;camera&quot;:&quot;&quot;,&quot;caption&quot;:&quot;&quot;,&quot;created_timestamp&quot;:&quot;0&quot;,&quot;copyright&quot;:&quot;&quot;,&quot;focal_length&quot;:&quot;0&quot;,&quot;iso&quot;:&quot;0&quot;,&quot;shutter_speed&quot;:&quot;0&quot;,&quot;title&quot;:&quot;&quot;,&quot;orientation&quot;:&quot;6&quot;}\" data-image-title=\"599823711\" data-image-description=\"\" data-image-caption=\"\" data-medium-file=\"https:\/\/firenomads.com\/wp-content\/uploads\/2019\/11\/599823711-e1576586158317-300x267.jpg\" data-large-file=\"https:\/\/firenomads.com\/wp-content\/uploads\/2019\/11\/599823711-e1576586158317-1024x912.jpg\" loading=\"lazy\" width=\"300\" height=\"267\" scale=\"0\" class=\"wp-image-461 size-medium aligncenter\" src=\"http:\/\/firenomads.com\/wp-content\/uploads\/2019\/11\/599823711-e1576586158317-300x267.jpg\" alt=\"\" srcset=\"https:\/\/firenomads.com\/wp-content\/uploads\/2019\/11\/599823711-e1576586158317-300x267.jpg 300w, https:\/\/firenomads.com\/wp-content\/uploads\/2019\/11\/599823711-e1576586158317-768x684.jpg 768w, https:\/\/firenomads.com\/wp-content\/uploads\/2019\/11\/599823711-e1576586158317-1024x912.jpg 1024w, https:\/\/firenomads.com\/wp-content\/uploads\/2019\/11\/599823711-e1576586158317.jpg 1276w\" sizes=\"(max-width: 300px) 100vw, 300px\" \/><\/a><\/figure>Jongle et Flow arts en Chine<\/td><td class=\"has-text-align-center\" data-align=\"center\"><p><b>DALI CONTACT FESTIVAL<\/b><span style=\"font-family: inherit; font-size: inherit; font-weight: inherit; color: initial;\"> <\/span><a href=\"http:\/\/firenomads.com\/index.php\/fr\/2022\/01\/10\/dali-contact-festival\/\" data-type=\"post\" data-id=\"648\"><img src=\"http:\/\/firenomads.com\/wp-content\/uploads\/2022\/01\/401447553-1024x684.jpg\" style=\"width: 380px;\" alt=\"\"><\/a><\/p>Danse contact d&rsquo;improvisation<\/td><\/tr><\/tbody><\/table><\/figure>\n\n\n\n<h2>SCENES ET DECORATIONS<\/h2>\n\n\n\n<figure class=\"wp-block-table\"><table><tbody><tr><td><center><strong>Scenes spectacles<\/strong><\/center><\/td><td><center><strong>Scene DJ<\/strong><\/center><\/td><td><center><strong>Decos<\/strong><\/center><\/td><\/tr><tr><td><img data-attachment-id=\"462\" data-permalink=\"https:\/\/firenomads.com\/index.php\/home\/img_3189\/\" data-orig-file=\"https:\/\/firenomads.com\/wp-content\/uploads\/2019\/11\/IMG_3189.jpg\" data-orig-size=\"1969,1313\" data-comments-opened=\"0\" data-image-meta=\"{&quot;aperture&quot;:&quot;3.2&quot;,&quot;credit&quot;:&quot;&quot;,&quot;camera&quot;:&quot;Canon EOS 6D&quot;,&quot;caption&quot;:&quot;&quot;,&quot;created_timestamp&quot;:&quot;1556401487&quot;,&quot;copyright&quot;:&quot;&quot;,&quot;focal_length&quot;:&quot;50&quot;,&quot;iso&quot;:&quot;1000&quot;,&quot;shutter_speed&quot;:&quot;0.016666666666667&quot;,&quot;title&quot;:&quot;&quot;,&quot;orientation&quot;:&quot;0&quot;}\" data-image-title=\"IMG_3189\" data-image-description=\"\" data-image-caption=\"&lt;p&gt;Dali Flow Fest 2019&lt;\/p&gt;\n\" data-medium-file=\"https:\/\/firenomads.com\/wp-content\/uploads\/2019\/11\/IMG_3189-300x200.jpg\" data-large-file=\"https:\/\/firenomads.com\/wp-content\/uploads\/2019\/11\/IMG_3189-1024x683.jpg\" loading=\"lazy\" class=\"alignnone wp-image-462 size-medium\" src=\"http:\/\/firenomads.com\/wp-content\/uploads\/2019\/11\/IMG_3189-300x200.jpg\" alt=\"\" width=\"300\" height=\"200\" srcset=\"https:\/\/firenomads.com\/wp-content\/uploads\/2019\/11\/IMG_3189-300x200.jpg 300w, https:\/\/firenomads.com\/wp-content\/uploads\/2019\/11\/IMG_3189-768x512.jpg 768w, https:\/\/firenomads.com\/wp-content\/uploads\/2019\/11\/IMG_3189-1024x683.jpg 1024w, https:\/\/firenomads.com\/wp-content\/uploads\/2019\/11\/IMG_3189.jpg 1969w\" sizes=\"(max-width: 300px) 100vw, 300px\" \/><\/td><td><img data-attachment-id=\"162\" data-permalink=\"https:\/\/firenomads.com\/index.php\/home\/sony-dsc-5\/\" data-orig-file=\"https:\/\/firenomads.com\/wp-content\/uploads\/2016\/03\/stage-1-e1460180897426.jpg\" data-orig-size=\"2000,1329\" data-comments-opened=\"0\" data-image-meta=\"{&quot;aperture&quot;:&quot;13&quot;,&quot;credit&quot;:&quot;&quot;,&quot;camera&quot;:&quot;SLT-A35&quot;,&quot;caption&quot;:&quot;SONY DSC&quot;,&quot;created_timestamp&quot;:&quot;1442762107&quot;,&quot;copyright&quot;:&quot;&quot;,&quot;focal_length&quot;:&quot;20&quot;,&quot;iso&quot;:&quot;100&quot;,&quot;shutter_speed&quot;:&quot;0.005&quot;,&quot;title&quot;:&quot;SONY DSC&quot;,&quot;orientation&quot;:&quot;1&quot;}\" data-image-title=\"SONY DSC\" data-image-description=\"\" data-image-caption=\"&lt;p&gt;SONY DSC&lt;\/p&gt;\n\" data-medium-file=\"https:\/\/firenomads.com\/wp-content\/uploads\/2016\/03\/stage-1-300x199.jpg\" data-large-file=\"https:\/\/firenomads.com\/wp-content\/uploads\/2016\/03\/stage-1-1024x680.jpg\" loading=\"lazy\" class=\"alignnone wp-image-162 size-medium\" src=\"http:\/\/firenomads.com\/wp-content\/uploads\/2016\/03\/stage-1-300x199.jpg\" alt=\"\" width=\"300\" height=\"199\"><\/td><td><img data-attachment-id=\"190\" data-permalink=\"https:\/\/firenomads.com\/index.php\/2016\/04\/15\/cherry-blossom-in-korea\/attachment\/00011908\/\" data-orig-file=\"https:\/\/firenomads.com\/wp-content\/uploads\/2016\/04\/00011908.jpg\" data-orig-size=\"3936,2608\" data-comments-opened=\"0\" data-image-meta=\"{&quot;aperture&quot;:&quot;2.8&quot;,&quot;credit&quot;:&quot;&quot;,&quot;camera&quot;:&quot;GR&quot;,&quot;caption&quot;:&quot;&quot;,&quot;created_timestamp&quot;:&quot;1459022073&quot;,&quot;copyright&quot;:&quot;&quot;,&quot;focal_length&quot;:&quot;13.7&quot;,&quot;iso&quot;:&quot;800&quot;,&quot;shutter_speed&quot;:&quot;0.05&quot;,&quot;title&quot;:&quot;&quot;,&quot;orientation&quot;:&quot;1&quot;}\" data-image-title=\"00011908\" data-image-description=\"\" data-image-caption=\"\" data-medium-file=\"https:\/\/firenomads.com\/wp-content\/uploads\/2016\/04\/00011908-300x199.jpg\" data-large-file=\"https:\/\/firenomads.com\/wp-content\/uploads\/2016\/04\/00011908-1024x679.jpg\" loading=\"lazy\" class=\"alignnone wp-image-190 size-medium\" src=\"http:\/\/firenomads.com\/wp-content\/uploads\/2016\/04\/00011908-300x199.jpg\" alt=\"\" width=\"300\" height=\"199\" srcset=\"https:\/\/firenomads.com\/wp-content\/uploads\/2016\/04\/00011908-300x199.jpg 300w, https:\/\/firenomads.com\/wp-content\/uploads\/2016\/04\/00011908-768x509.jpg 768w, https:\/\/firenomads.com\/wp-content\/uploads\/2016\/04\/00011908-1024x679.jpg 1024w\" sizes=\"(max-width: 300px) 100vw, 300px\" \/><\/td><\/tr><\/tbody><\/table><\/figure>\n","protected":false},"excerpt":{"rendered":"<p>Depuis 2012, Fire NoMads a explor\u00e9 toutes les facettes de la danse de feu et sa manipulation. sp\u00e9cialis\u00e9s dans la danse de feu en couple, ils imaginent sans cesse de nouvelles fa\u00e7ons de jouer avec cet element aussi dangereux que fascinant !Ils d\u00e9butent comme artistes de rue dans la vieille ville de Dali dans le&#8230; <\/p>\n<div class=\"read-more navbutton\"><a href=\"https:\/\/firenomads.com\/index.php\/fr\/home-francais\/\">Lire la suite<i class=\"fa fa-angle-double-right\"><\/i><\/a><\/div>\n","protected":false},"author":1,"featured_media":0,"parent":0,"menu_order":0,"comment_status":"closed","ping_status":"closed","template":"","meta":{"spay_email":""},"jetpack_sharing_enabled":true,"jetpack_shortlink":"https:\/\/wp.me\/P7qfqL-8J","jetpack-related-posts":[{"id":556,"url":"https:\/\/firenomads.com\/index.php\/fr\/a-propos\/","url_meta":{"origin":541,"position":0},"title":"A propos","date":"janvier 8, 2022","format":false,"excerpt":"Fire Nomads est un duo d' artistes de rue, Bertrand PIGNET (France) and Zhao Jingwen (Chine). Il commence sa passion pour la manipulation de feu et la jongle en 2005. En 2008 il rejoint la communaute parisienne \u201cNosta Scein\u201c jusqu'en 2011. Elle etudie a Singapour et se passionne dans ses\u2026","rel":"","context":"Article similaire","img":{"alt_text":"Bebe+Sam-5234small","src":"https:\/\/i1.wp.com\/firenomads.com\/wp-content\/uploads\/2016\/03\/BebeSam-5234small-e1459047310630-1024x664.jpg?resize=350%2C200","width":350,"height":200},"classes":[]}],"_links":{"self":[{"href":"https:\/\/firenomads.com\/index.php\/wp-json\/wp\/v2\/pages\/541"}],"collection":[{"href":"https:\/\/firenomads.com\/index.php\/wp-json\/wp\/v2\/pages"}],"about":[{"href":"https:\/\/firenomads.com\/index.php\/wp-json\/wp\/v2\/types\/page"}],"author":[{"embeddable":true,"href":"https:\/\/firenomads.com\/index.php\/wp-json\/wp\/v2\/users\/1"}],"replies":[{"embeddable":true,"href":"https:\/\/firenomads.com\/index.php\/wp-json\/wp\/v2\/comments?post=541"}],"version-history":[{"count":12,"href":"https:\/\/firenomads.com\/index.php\/wp-json\/wp\/v2\/pages\/541\/revisions"}],"predecessor-version":[{"id":684,"href":"https:\/\/firenomads.com\/index.php\/wp-json\/wp\/v2\/pages\/541\/revisions\/684"}],"wp:attachment":[{"href":"https:\/\/firenomads.com\/index.php\/wp-json\/wp\/v2\/media?parent=541"}],"curies":[{"name":"wp","href":"https:\/\/api.w.org\/{rel}","templated":true}]}}