{"id":556,"date":"2022-01-08T09:08:00","date_gmt":"2022-01-08T09:08:00","guid":{"rendered":"http:\/\/firenomads.com\/?page_id=556"},"modified":"2022-01-17T05:56:42","modified_gmt":"2022-01-17T05:56:42","slug":"a-propos","status":"publish","type":"page","link":"https:\/\/firenomads.com\/index.php\/fr\/a-propos\/","title":{"rendered":"A propos"},"content":{"rendered":"\n<p><img loading=\"lazy\" width=\"680\" height=\"441\" src=\"http:\/\/firenomads.com\/wp-content\/uploads\/2016\/03\/BebeSam-5234small-e1459047310630-1024x664.jpg\" alt=\"Bebe+Sam-5234small\"><\/p>\n\n\n\n<p>Fire Nomads est un duo d&rsquo; artistes de rue, Bertrand PIGNET (France) and Zhao Jingwen (Chine). <br>Il commence sa passion pour la manipulation de feu et la jongle en 2005. En 2008 il rejoint la communaute parisienne \u201cNosta Scein\u201c jusqu&rsquo;en 2011. Elle etudie a Singapour et se passionne dans ses jeunes ann\u00e9es pour la danse moderne et contemporaine. Leurs chemins se croisent a Dali dans le sud ouest de la Chine en 2011. A partir de 2012 Ils commencent a offrir des spectacles au chapeau dans les rues de la vieille ville et rapidement leur spectacles gagnent en popularit\u00e9 :<\/p>\n\n\n\n<ul><li>COART Lijiang street Art festival &#8211; Chine 2012-13<\/li><li>Do Brazil \/ Tamart \/ Voiles de saint barth St Barthelemy FWI 2013-14-17<\/li><li>Cooking ChengDu music festival &#8211; Chine 2013<\/li><li>Green festival Kunming\/ChongQing &#8211; Chine 2013-14-15<\/li><li>Yin Yang great wall music festival &#8211; Chine 2014<\/li><li>Injuco, indian juggling convention &#8211; Inde 2016<\/li><li>Solar eclipse festival &#8211; Sulawasi &#8211; Indonesie 2016<\/li><li>Alashan festival &#8211; Inner mongolia &#8211; Chine 2016-17-19<\/li><li>XishuangBanna Gaozhuang &#8211; Yunnan &#8211; Chine 2016-17<\/li><li>Tengchong hot spring town art festival &#8211; Chine 2018<\/li><li>Strawberry music festival &#8211; Dongtai &#8211; Chine 2018<\/li><li>Jonglo&rsquo;pais &#8211; convention de jongle &#8211; France 2018<\/li><li>4 seasons market Dali &#8211; Chine 2018-19<\/li><li>DALI FLOW FEST \u5927\u7406\u6742\u800d\u548c\u6d41\u52a8\u827a\u672f\u8282 &#8211; Chine 2018-19<\/li><li>Dali international film festival &#8211; Chine 2019<\/li><li>MIME FESTIVAL Fire temple &#8211; Cor\u00e9e du Sud 2019<\/li><li>Festival de Nanxun &#8211; Zhejiang &#8211; Chine 2020<\/li><li>Tianmashan &#8211; Festival life style &#8211; Chine 2020<\/li><li>Tianmuli &#8211; Hangzhou &#8211; Chine 2020<\/li><li>Zhongwei &#8211; Boutique hotel town &#8211; Chine 2020<\/li><li>Xintiandi Wuhan &#8211; Chine 2021<\/li><li>Luhu lifestyle festival &#8211; Chine 2021<\/li><li>Happy valley &#8211; Wuhan &#8211; Chine 2021<\/li><li>Festival international de theatre de Wuzhen &#8211; Chine 2021<\/li><li>China got talent (\u70b9\u8d5e\u8fbe\u4eba\u79c0) demi finalists 2021<\/li><li>Street Art Parc  &#8211; Candes Saint-Maertin &#8211; France 2022<\/li><\/ul>\n\n\n\n<p>Depuis 2012 ils recherchent sans cesse de nouvelle facon d&rsquo;utiliser le feu dans leurs spectacles et danse de couple. Trouvant toutes sortes d&rsquo;inspiration dans leurs voyages,musiques, decors et costumes.<br>Apres 10 ans en Chine, et leur participation a China Got Talent 2021 comme demi finalistes, Fire NoMads arrivent en France a partir d&rsquo;avril 2022 pour presenter leurs spectacles.<br><br>Pour plus d&rsquo;informations contactez nous par mail:<br><br>firenomads@gmail.com<br><br>et sur facebook : <a href=\"http:\/\/www.facebook.com\/firenomads\">www.facebook.com\/firenomads<\/a><\/p>\n","protected":false},"excerpt":{"rendered":"<p>Fire Nomads est un duo d&rsquo; artistes de rue, Bertrand PIGNET (France) and Zhao Jingwen (Chine). Il commence sa passion pour la manipulation de feu et la jongle en 2005. En 2008 il rejoint la communaute parisienne \u201cNosta Scein\u201c jusqu&rsquo;en 2011. Elle etudie a Singapour et se passionne dans ses jeunes ann\u00e9es pour la danse&#8230; <\/p>\n<div class=\"read-more navbutton\"><a href=\"https:\/\/firenomads.com\/index.php\/fr\/a-propos\/\">Lire la suite<i class=\"fa fa-angle-double-right\"><\/i><\/a><\/div>\n","protected":false},"author":1,"featured_media":0,"parent":0,"menu_order":0,"comment_status":"closed","ping_status":"closed","template":"","meta":{"spay_email":""},"jetpack_sharing_enabled":true,"jetpack_shortlink":"https:\/\/wp.me\/P7qfqL-8Y","jetpack-related-posts":[{"id":541,"url":"https:\/\/firenomads.com\/index.php\/fr\/home-francais\/","url_meta":{"origin":556,"position":0},"title":"Accueil","date":"janvier 8, 2022","format":false,"excerpt":"Depuis 2012, Fire NoMads a explor\u00e9 toutes les facettes de la danse de feu et sa manipulation. sp\u00e9cialis\u00e9s dans la danse de feu en couple, ils imaginent sans cesse de nouvelles fa\u00e7ons de jouer avec cet element aussi dangereux que fascinant !Ils d\u00e9butent comme artistes de rue dans la vieille\u2026","rel":"","context":"Article similaire","img":{"alt_text":"","src":"https:\/\/i0.wp.com\/firenomads.com\/wp-content\/uploads\/2019\/11\/mmexport1574565798123-300x200.jpg?resize=350%2C200","width":350,"height":200},"classes":[]}],"_links":{"self":[{"href":"https:\/\/firenomads.com\/index.php\/wp-json\/wp\/v2\/pages\/556"}],"collection":[{"href":"https:\/\/firenomads.com\/index.php\/wp-json\/wp\/v2\/pages"}],"about":[{"href":"https:\/\/firenomads.com\/index.php\/wp-json\/wp\/v2\/types\/page"}],"author":[{"embeddable":true,"href":"https:\/\/firenomads.com\/index.php\/wp-json\/wp\/v2\/users\/1"}],"replies":[{"embeddable":true,"href":"https:\/\/firenomads.com\/index.php\/wp-json\/wp\/v2\/comments?post=556"}],"version-history":[{"count":2,"href":"https:\/\/firenomads.com\/index.php\/wp-json\/wp\/v2\/pages\/556\/revisions"}],"predecessor-version":[{"id":675,"href":"https:\/\/firenomads.com\/index.php\/wp-json\/wp\/v2\/pages\/556\/revisions\/675"}],"wp:attachment":[{"href":"https:\/\/firenomads.com\/index.php\/wp-json\/wp\/v2\/media?parent=556"}],"curies":[{"name":"wp","href":"https:\/\/api.w.org\/{rel}","templated":true}]}}